{"id":11,"date":"2026-02-27T12:24:05","date_gmt":"2026-02-27T12:24:05","guid":{"rendered":"https:\/\/rutthedaohan247.com\/?page_id=11"},"modified":"2026-03-29T14:48:06","modified_gmt":"2026-03-29T14:48:06","slug":"trang-chu","status":"publish","type":"page","link":"https:\/\/rutthedaohan247.com\/","title":{"rendered":"Trang Ch\u1ee7"},"content":{"rendered":"\t<div class=\"img has-hover x md-x lg-x y md-y lg-y\" id=\"image_1746364167\">\n\t\t\t\t\t\t\t\t<div class=\"img-inner dark\" >\n\t\t\t<img loading=\"lazy\" decoding=\"async\" width=\"1920\" height=\"740\" src=\"https:\/\/rutthedaohan247.com\/wp-content\/uploads\/2026\/02\/banner-4-2.jpg\" class=\"attachment-original size-original\" alt=\"\" srcset=\"https:\/\/rutthedaohan247.com\/wp-content\/uploads\/2026\/02\/banner-4-2.jpg 1920w, https:\/\/rutthedaohan247.com\/wp-content\/uploads\/2026\/02\/banner-4-2-300x116.jpg 300w, https:\/\/rutthedaohan247.com\/wp-content\/uploads\/2026\/02\/banner-4-2-1024x395.jpg 1024w, https:\/\/rutthedaohan247.com\/wp-content\/uploads\/2026\/02\/banner-4-2-768x296.jpg 768w, https:\/\/rutthedaohan247.com\/wp-content\/uploads\/2026\/02\/banner-4-2-1536x592.jpg 1536w\" sizes=\"auto, (max-width: 1920px) 100vw, 1920px\" \/>\t\t\t\t\t\t\n\t\t\t\t\t<\/div>\n\t\t\t\t\t\t\t\t\n<style>\n#image_1746364167 {\n  width: 100%;\n}\n<\/style>\n\t<\/div>\n\t\n\t<section class=\"section\" id=\"section_1801209482\">\n\t\t<div class=\"bg section-bg fill bg-fill  bg-loaded\" >\n\n\t\t\t\n\t\t\t\n\t\t\t\n\n\t\t<\/div>\n\n\t\t\n\n\t\t<div class=\"section-content relative\">\n\t\t\t\n<div class=\"row\"  id=\"row-1650885087\">\n\n\t<div id=\"col-29088307\" class=\"col medium-6 small-12 large-6\"  >\n\t\t\t\t<div class=\"col-inner\"  >\n\t\t\t\n\t\t\t\n\t<div class=\"img has-hover x md-x lg-x y md-y lg-y\" id=\"image_1248311126\">\n\t\t\t\t\t\t\t\t<div class=\"img-inner dark\" >\n\t\t\t<img loading=\"lazy\" decoding=\"async\" width=\"1020\" height=\"680\" src=\"https:\/\/rutthedaohan247.com\/wp-content\/uploads\/2026\/02\/banner-2-1024x683.jpg\" class=\"attachment-large size-large\" alt=\"\" srcset=\"https:\/\/rutthedaohan247.com\/wp-content\/uploads\/2026\/02\/banner-2-1024x683.jpg 1024w, https:\/\/rutthedaohan247.com\/wp-content\/uploads\/2026\/02\/banner-2-300x200.jpg 300w, https:\/\/rutthedaohan247.com\/wp-content\/uploads\/2026\/02\/banner-2-768x512.jpg 768w, https:\/\/rutthedaohan247.com\/wp-content\/uploads\/2026\/02\/banner-2-1536x1024.jpg 1536w, https:\/\/rutthedaohan247.com\/wp-content\/uploads\/2026\/02\/banner-2.jpg 1920w\" sizes=\"auto, (max-width: 1020px) 100vw, 1020px\" \/>\t\t\t\t\t\t\n\t\t\t\t\t<\/div>\n\t\t\t\t\t\t\t\t\n<style>\n#image_1248311126 {\n  width: 100%;\n}\n<\/style>\n\t<\/div>\n\t\n\t\t<\/div>\n\t\t\t\t\t<\/div>\n\n\t\n\n\t<div id=\"col-448150361\" class=\"col medium-6 small-12 large-6\"  >\n\t\t\t\t<div class=\"col-inner\"  >\n\t\t\t\n\t\t\t\n<div class=\"row\"  id=\"row-663333030\">\n\n\t<div id=\"col-1991033633\" class=\"col medium-6 small-12 large-6\"  >\n\t\t\t\t<div class=\"col-inner\"  >\n\t\t\t\n\t\t\t\n<p><span style=\"font-size: 170%; color: #dc3545;\">PH\u00cd H\u1ed6 TR\u1ee2 CH\u1ec8 T\u1eea 1,x%<\/span><\/p>\n\t\t<\/div>\n\t\t\t\t\t<\/div>\n\n\t\n\n\t<div id=\"col-1493531976\" class=\"col medium-6 small-12 large-6\"  >\n\t\t\t\t<div class=\"col-inner\"  >\n\t\t\t\n\t\t\t\n\t<div id=\"text-2899084443\" class=\"text\">\n\t\t\n<div id=\"text-491931397\" class=\"text hotline-1 zoom\">\n<p>T\u01b0 v\u1ea5n free 24\/7:<br \/><a href=\"tel:0876979979\">0876979979<\/a><\/p>\n<\/div>\n\t\t\n<style>\n#text-2899084443 {\n  text-align: center;\n}\n<\/style>\n\t<\/div>\n\t\n\t\t<\/div>\n\t\t\t\t\t<\/div>\n\n\t\n<\/div>\n\t<div id=\"text-2512056637\" class=\"text\">\n\t\t\n<p><strong>M\u1ecdi giao d\u1ecbch \u0111\u01b0\u1ee3c th\u1ef1c hi\u1ec7n Nhanh Ch\u00f3ng V\u00e0 B\u1ea3o M\u1eadt<\/strong><\/p>\n<p><span style=\"font-size: 120%;\"><strong>CHI NH\u00c1NH C\u1ee6A CH\u00daNG T\u00d4I:<\/strong><\/span><\/p>\n<p>&#8211; <strong>\u0110C<\/strong>: <strong>2A Nguy\u1ec5n S\u1ef9 S\u00e1ch , P.15, T\u00e2n B\u00ecnh<\/strong> <strong>\u00a0<\/strong><\/p>\n<p><strong>\u00a0 Call: <span style=\"color: #ff0000;\">0876 979 979 <span style=\"color: #000000;\">Mr D\u01b0\u01a1ng<\/span><\/span><\/strong><\/p>\n<p><strong>&#8211; \u0110C: Ph\u1ea1m Th\u1ebf Hi\u1ec3n &#8211; P.6 &#8211; Q.8 &#8211; HCM\u00a0 <\/strong><\/p>\n<p><strong>Call: <span style=\"color: #ff0000;\">0879 0879 97\u00a0<span style=\"color: #000000;\">Mr Long<\/span><\/span><\/strong><\/p>\n<p>&#8211;<strong> \u0110\u1ecba ch\u1ec9: 447 Ph\u1ea1m V\u0103n Chi\u00eau, P.14, G\u00f2 V\u1ea5p <\/strong><\/p>\n<p><strong>Call: <span style=\"color: #ff0000;\">0876 979 979\u00a0<span style=\"color: #000000;\">Mr Kh\u00e1nh<\/span><\/span><\/strong><\/p>\n<p><strong>&#8211; \u0110\u1ecba ch\u1ec9: Tr\u1ea7n V\u0103n D\u01b0 &#8211; P.13 &#8211; Q.T\u00e2n B\u00ecnh <\/strong><\/p>\n<p><strong>Call: <span style=\"color: #ff0000;\">0876 979 979\u00a0<span style=\"color: #000000;\">Anh D\u01b0\u01a1ng<\/span><\/span><\/strong><\/p>\n<p><strong>&#8211; \u0110C: T\u00e2y Th\u1ea1nh, P.T\u00e2y Th\u1ea1nh, Q. T\u00e2n Ph\u00fa<\/strong><\/p>\n<p><strong> Call: <span style=\"color: #ff0000;\">0977 509 629 <span style=\"color: #000000;\">Mr \u0110\u0103ng<\/span><\/span><\/strong><\/p>\n<p><strong>&#8211; \u0110C: Phan V\u0103n Tr\u1ecb &#8211; Ph\u01b0\u1eddng 11 &#8211; B\u00ecnh Th\u1ea1nh <\/strong><\/p>\n<p><strong>Call: <span style=\"color: #ff0000;\">0876 979 979\u00a0<span style=\"color: #000000;\">Mr Th\u01b0\u1ee3ng<\/span><\/span><\/strong><\/p>\n<p><strong>&#8211; \u0110C: \u0110\u01b0\u1eddng C\u00e1ch M\u1ea1ng Th\u00e1ng 8 &#8211; P.9 &#8211; Q.3 <\/strong><\/p>\n<p><strong>Call: <span style=\"color: #ff0000;\">0876 979 979\u00a0<span style=\"color: #000000;\">Mr Chung<\/span><\/span><\/strong><\/p>\n<p><strong>&#8211; \u0110C: \u0110\u01b0\u1eddng TTN17 &#8211; P.T\u00e2n Th\u1edbi Nh\u1ea5t 17<\/strong><\/p>\n<p><strong>Call: <span style=\"color: #ff0000;\">0876 979 979\u00a0<span style=\"color: #000000;\">Mr B\u00ecnh<\/span><\/span><\/strong><\/p>\n\t\t\n<style>\n#text-2512056637 {\n  text-align: center;\n}\n@media (min-width:550px) {\n  #text-2512056637 {\n    text-align: center;\n  }\n}\n<\/style>\n\t<\/div>\n\t\n\t\t<\/div>\n\t\t\t\t\t<\/div>\n\n\t\n<\/div>\n\t\t<\/div>\n\n\t\t\n<style>\n#section_1801209482 {\n  padding-top: 0px;\n  padding-bottom: 0px;\n}\n@media (min-width:550px) {\n  #section_1801209482 {\n    padding-top: 30px;\n    padding-bottom: 30px;\n  }\n}\n<\/style>\n\t<\/section>\n\t\n\t<section class=\"section\" id=\"section_592464997\">\n\t\t<div class=\"bg section-bg fill bg-fill  bg-loaded\" >\n\n\t\t\t\n\t\t\t\n\t\t\t\n\n\t\t<\/div>\n\n\t\t\n\n\t\t<div class=\"section-content relative\">\n\t\t\t\n<div class=\"row\"  id=\"row-240203287\">\n\n\t<div id=\"col-774255557\" class=\"col medium-6 small-12 large-6\"  >\n\t\t\t\t<div class=\"col-inner\"  >\n\t\t\t\n\t\t\t\n\t<div id=\"text-420251365\" class=\"text\">\n\t\t\n<p><span style=\"font-size: 150%; color: #dc3545;\">QUY\u1ec0N L\u1ee2I\u00a0C\u1ee6A KH\u00c1CH H\u00c0NG<\/span><\/p>\n\t\t\n<style>\n#text-420251365 {\n  font-size: 0.8rem;\n}\n<\/style>\n\t<\/div>\n\t\n\t\t<\/div>\n\t\t\t\t\t<\/div>\n\n\t\n\n\t<div id=\"col-525421607\" class=\"col medium-6 small-12 large-6\"  >\n\t\t\t\t<div class=\"col-inner\"  >\n\t\t\t\n\t\t\t\n\t<div id=\"text-3464104381\" class=\"text\">\n\t\t\n<div id=\"text-491931397\" class=\"text hotline-1 zoom\">\n<p>T\u01b0 v\u1ea5n free 24\/7:<br \/><a href=\"tel:0876979979\">0876979979<\/a><\/p>\n<\/div>\n\t\t\n<style>\n#text-3464104381 {\n  text-align: center;\n}\n<\/style>\n\t<\/div>\n\t\n\t\t<\/div>\n\t\t\t\t\t<\/div>\n\n\t\n<\/div>\n<div class=\"row\"  id=\"row-1520451603\">\n\n\t<div id=\"col-1846713199\" class=\"col medium-6 small-12 large-6\"  >\n\t\t\t\t<div class=\"col-inner\"  >\n\t\t\t\n\t\t\t\n<ul class=\"quyenloi\">\n<li><i class=\"fas fa-angle-right mr-2 icon-itemt-content\"><\/i>Giao d\u1ecbch nhanh ch\u00f3ng. Ch\u1ec9 trong v\u00f2ng 3 ph\u00fat<\/li>\n<li><i class=\"fas fa-angle-right mr-2 icon-itemt-content\"><\/i>\u00a0Chi ph\u00ed ch\u1ec9 t\u1eeb 1.x% cho d\u00f2ng th\u1ebb B\u1ea3n Vi\u1ec7t, Lio, &#8230;<\/li>\n<li><i class=\"fas fa-angle-right mr-2 icon-itemt-content\"><\/i>\u00a0Giao d\u1ecbch \u0111\u01b0\u1ee3c 100% h\u1ea1n m\u1ee9c visa\/master\/jcb<\/li>\n<li><i class=\"fas fa-angle-right mr-2 icon-itemt-content\"><\/i>\u00a0Nhi\u1ec1u \u01b0u \u0111\u00e3i h\u1ea5p d\u1eabn d\u00e0nh cho KH th\u00e2n thi\u1ebft (gi\u1ea3m ph\u00ed, t\u1eb7ng qu\u00e0,\u2026)<\/li>\n<li><i class=\"fas fa-angle-right mr-2 icon-itemt-content\"><\/i>\u00a0T\u01b0 v\u1ea5n mi\u1ec5n ph\u00ed v\u1ec1 th\u1ebb, v\u1ec1 l\u00e3i su\u1ea5t,.. Gi\u00fap kh\u00e1ch h\u00e0ng t\u1ed1i \u01b0u \u0111\u01b0\u1ee3c d\u00f2ng ti\u1ec1n<\/li>\n<li><i class=\"fas fa-angle-right mr-2 icon-itemt-content\"><\/i>\u00a0Ho\u00e0n to\u00e0n kh\u00f4ng ph\u00e1t sinh th\u00eam ph\u00ed \u1ea9n<\/li>\n<li><i class=\"fas fa-angle-right mr-2 icon-itemt-content\"><\/i>\u00a0\u0110i\u1ec3m giao d\u1ecbch uy t\u00edn. Ho\u1ea1t \u0111\u1ed9ng t\u1eeb n\u0103m 2015 \u0111\u1ebfn nay<\/li>\n<li><i class=\"fas fa-angle-right mr-2 icon-itemt-content\"><\/i>\u00a0H\u1ec7 th\u1ed1ng c\u00f3 nhi\u1ec1u<strong>\u00a0c\u1eeda h\u00e0ng<\/strong>\u00a0t\u1ea1i H\u1ed3 Ch\u00ed Minh. Ho\u1ea1t \u0111\u1ed9ng 24\/7<\/li>\n<\/ul>\n\t\t<\/div>\n\t\t\t\t\t<\/div>\n\n\t\n\n\t<div id=\"col-1763268540\" class=\"col medium-6 small-12 large-6\"  >\n\t\t\t\t<div class=\"col-inner\"  >\n\t\t\t\n\t\t\t\n\t<div class=\"img has-hover x md-x lg-x y md-y lg-y\" id=\"image_583302983\">\n\t\t\t\t\t\t\t\t<div class=\"img-inner dark\" >\n\t\t\t<img loading=\"lazy\" decoding=\"async\" width=\"800\" height=\"465\" src=\"https:\/\/rutthedaohan247.com\/wp-content\/uploads\/2026\/02\/banner-3.jpg\" class=\"attachment-large size-large\" alt=\"\" srcset=\"https:\/\/rutthedaohan247.com\/wp-content\/uploads\/2026\/02\/banner-3.jpg 800w, https:\/\/rutthedaohan247.com\/wp-content\/uploads\/2026\/02\/banner-3-300x174.jpg 300w, https:\/\/rutthedaohan247.com\/wp-content\/uploads\/2026\/02\/banner-3-768x446.jpg 768w\" sizes=\"auto, (max-width: 800px) 100vw, 800px\" \/>\t\t\t\t\t\t\n\t\t\t\t\t<\/div>\n\t\t\t\t\t\t\t\t\n<style>\n#image_583302983 {\n  width: 100%;\n}\n<\/style>\n\t<\/div>\n\t\n\t\t<\/div>\n\t\t\t\t\t<\/div>\n\n\t\n\n\t<div id=\"col-1459049366\" class=\"col medium-6 small-12 large-6\"  >\n\t\t\t\t<div class=\"col-inner\"  >\n\t\t\t\n\t\t\t\n\t<div id=\"text-408566295\" class=\"text\">\n\t\t\n<p>C\u00f3 D\u1ecbch V\u1ee5 C\u00e0 T\u1eadn N\u01a1i + Ph\u00ed Ship (\u01afu Ti\u00ean)<\/p>\n\t\t\n<style>\n#text-408566295 {\n  font-size: 1rem;\n}\n@media (min-width:550px) {\n  #text-408566295 {\n    font-size: 2.6rem;\n  }\n}\n<\/style>\n\t<\/div>\n\t\n\t\t<\/div>\n\t\t\t\t\t<\/div>\n\n\t\n\n\t<div id=\"col-1214847526\" class=\"col medium-6 small-12 large-6\"  >\n\t\t\t\t<div class=\"col-inner\"  >\n\t\t\t\n\t\t\t\n<div id=\"text-922462407\" class=\"text txt-mb0 hotline-2 zoom\">\n<p><a href=\"tel:0876979979\">G\u1ecdi Ngay<\/a><\/p>\n\t\t<\/div>\n\t\t\t\t\t<\/div>\n\n\t\n<\/div>\n\t\t<\/div>\n\n\t\t\n<style>\n#section_592464997 {\n  padding-top: 0px;\n  padding-bottom: 0px;\n}\n@media (min-width:550px) {\n  #section_592464997 {\n    padding-top: 30px;\n    padding-bottom: 30px;\n  }\n}\n<\/style>\n\t<\/section>\n\t\n\t<section class=\"section\" id=\"section_791176431\">\n\t\t<div class=\"bg section-bg fill bg-fill  bg-loaded\" >\n\n\t\t\t\n\t\t\t\n\t\t\t\n\n\t\t<\/div>\n\n\t\t\n\n\t\t<div class=\"section-content relative\">\n\t\t\t\n<div class=\"row\"  id=\"row-925127674\">\n\n\t<div id=\"col-441027543\" class=\"col medium-6 small-12 large-6\"  >\n\t\t\t\t<div class=\"col-inner\"  >\n\t\t\t\n\t\t\t\n<div id=\"row-1881421097\" class=\"row align-middle\">\n<div id=\"col-874322869\" class=\"col medium-6 small-12 large-12\">\n<div class=\"col-inner text-left\">\n<div id=\"text-13110199\" class=\"text txt-mb0 txt-center\">\n<h2>Giao d\u1ecbch nh\u01b0 th\u1ebf th\u00ec c\u00f3 b\u1ecb\u00a0L\u1ed8 TH\u00d4NG TIN AN TO\u00c0N KH\u00d4NG?<\/h2>\n<\/div>\n<\/div>\n<\/div>\n<\/div>\n<div id=\"text-2632758190\" class=\"text rm-list\">\n<ul>\n<li><i class=\"fas fa-angle-right mr-2 icon-itemt-content\"><\/i>\u00a0\u0110\u00e2y l\u00e0 h\u00ecnh th\u1ee9c mua h\u00e0ng h\u00f3a n\u00ean th\u00f4ng tin th\u1ebb l\u00e0 kh\u00f4ng th\u1ec3 l\u1ea5y c\u1eafp.<\/li>\n<li><i class=\"fas fa-angle-right mr-2 icon-itemt-content\"><\/i>\u00a0H\u00ecnh th\u1ee9c kh\u00e1 l\u00e0 an to\u00e0n v\u00ec giao d\u1ecbch \u1edf c\u1eeda h\u00e0ng v\u00e0 nh\u1eadn ti\u1ec1n m\u1eb7t ho\u1eb7c chuy\u1ec3n kho\u1ea3n ngay khi c\u00e0 th\u1ebb.<\/li>\n<\/ul>\n<\/div>\n<div id=\"row-776030563\" class=\"row row-collapse align-equal caution\">\n<div id=\"col-735631596\" class=\"col caution-left medium-12 small-12 large-3\">\n<div class=\"col-inner\">\n<div id=\"text-2720803244\" class=\"text txt-mb0 txt-caution\">\n<p>Xin l\u01b0u \u00fd:<\/p>\n<\/div>\n<\/div>\n<\/div>\n<div id=\"col-490482758\" class=\"col caution-right medium-12 small-12 large-9\">\n<div class=\"col-inner\">\n<div id=\"text-1257115140\" class=\"text txt-mb0\">\n<p>Ch\u00fang t\u00f4i ch\u1ec9 nh\u1eadn h\u1ed7 tr\u1ee3 cho ch\u00ednh ch\u1ee7 th\u1ebb, kh\u00f4ng nh\u1eadn giao d\u1ecbch h\u1ed9, \u0111\u1ea1i di\u1ec7n giao d\u1ecbch. Tr\u00e1nh tr\u01b0\u1eddng h\u1ee3p b\u1ecb k\u1ebb c\u1eafp tr\u1ee5c l\u1ee3i.<\/p>\n<\/div>\n<\/div>\n<\/div>\n<\/div>\n\t\t<\/div>\n\t\t\t\t\t<\/div>\n\n\t\n\n\t<div id=\"col-722713284\" class=\"col medium-6 small-12 large-6\"  >\n\t\t\t\t<div class=\"col-inner\"  >\n\t\t\t\n\t\t\t\n\t<div class=\"img has-hover x md-x lg-x y md-y lg-y\" id=\"image_1073078067\">\n\t\t\t\t\t\t\t\t<div class=\"img-inner dark\" >\n\t\t\t<img loading=\"lazy\" decoding=\"async\" width=\"766\" height=\"447\" src=\"https:\/\/rutthedaohan247.com\/wp-content\/uploads\/2026\/02\/banner-4-1.jpg\" class=\"attachment-large size-large\" alt=\"\" srcset=\"https:\/\/rutthedaohan247.com\/wp-content\/uploads\/2026\/02\/banner-4-1.jpg 766w, https:\/\/rutthedaohan247.com\/wp-content\/uploads\/2026\/02\/banner-4-1-300x175.jpg 300w\" sizes=\"auto, (max-width: 766px) 100vw, 766px\" \/>\t\t\t\t\t\t\n\t\t\t\t\t<\/div>\n\t\t\t\t\t\t\t\t\n<style>\n#image_1073078067 {\n  width: 100%;\n}\n<\/style>\n\t<\/div>\n\t\n\t\t<\/div>\n\t\t\t\t\t<\/div>\n\n\t\n<\/div>\n\t\t<\/div>\n\n\t\t\n<style>\n#section_791176431 {\n  padding-top: 0px;\n  padding-bottom: 0px;\n}\n@media (min-width:550px) {\n  #section_791176431 {\n    padding-top: 30px;\n    padding-bottom: 30px;\n  }\n}\n<\/style>\n\t<\/section>\n\t\n\t<section class=\"section\" id=\"section_715914495\">\n\t\t<div class=\"bg section-bg fill bg-fill  bg-loaded\" >\n\n\t\t\t\n\t\t\t\n\t\t\t\n\n\t\t<\/div>\n\n\t\t\n\n\t\t<div class=\"section-content relative\">\n\t\t\t\n<div class=\"row\"  id=\"row-1767106569\">\n\n\t<div id=\"col-1436912485\" class=\"col small-12 large-12\"  >\n\t\t\t\t<div class=\"col-inner\"  >\n\t\t\t\n\t\t\t\n<div class=\"container section-title-container\" ><h3 class=\"section-title section-title-normal\"><b><\/b><span class=\"section-title-main\" >Tin T\u1ee9c<\/span><b><\/b><\/h3><\/div>\n\n  \n    <div class=\"row large-columns-3 medium-columns-1 small-columns-1\" >\n  <div class=\"col post-item\" >\n\t\t\t<div class=\"col-inner\">\n\t\t\t\t<div class=\"box box-normal box-text-bottom box-blog-post has-hover\">\n            \t\t\t\t\t<div class=\"box-image\" >\n  \t\t\t\t\t\t<div class=\"image-cover\" style=\"padding-top:56.25%;\">\n\t\t\t\t\t\t\t<a href=\"https:\/\/rutthedaohan247.com\/index.php\/2026\/02\/28\/dao-han-the-tin-dung-tai-quan-binh-tan\/\" class=\"plain\" aria-label=\"H\u1ed7 tr\u1ee3 t\u1ea5t to\u00e1n th\u1ebb t\u00edn d\u1ee5ng t\u1ea1i Qu\u1eadn T\u00e2n B\u00ecnh\">\n\t\t\t\t\t\t\t\t<img loading=\"lazy\" decoding=\"async\" width=\"1920\" height=\"1280\" src=\"https:\/\/rutthedaohan247.com\/wp-content\/uploads\/2026\/02\/banner-2.jpg\" class=\"attachment-original size-original wp-post-image\" alt=\"\" srcset=\"https:\/\/rutthedaohan247.com\/wp-content\/uploads\/2026\/02\/banner-2.jpg 1920w, https:\/\/rutthedaohan247.com\/wp-content\/uploads\/2026\/02\/banner-2-300x200.jpg 300w, https:\/\/rutthedaohan247.com\/wp-content\/uploads\/2026\/02\/banner-2-1024x683.jpg 1024w, https:\/\/rutthedaohan247.com\/wp-content\/uploads\/2026\/02\/banner-2-768x512.jpg 768w, https:\/\/rutthedaohan247.com\/wp-content\/uploads\/2026\/02\/banner-2-1536x1024.jpg 1536w\" sizes=\"auto, (max-width: 1920px) 100vw, 1920px\" \/>\t\t\t\t\t\t\t<\/a>\n  \t\t\t\t\t\t\t  \t\t\t\t\t\t\t  \t\t\t\t\t\t<\/div>\n  \t\t\t\t\t\t  \t\t\t\t\t<\/div>\n          \t\t\t\t\t<div class=\"box-text text-left\" >\n\t\t\t\t\t<div class=\"box-text-inner blog-post-inner\">\n\n\t\t\t\t\t\n\t\t\t\t\t\t\t\t\t\t<h5 class=\"post-title is-large \">\n\t\t\t\t\t\t<a href=\"https:\/\/rutthedaohan247.com\/index.php\/2026\/02\/28\/dao-han-the-tin-dung-tai-quan-binh-tan\/\" class=\"plain\">H\u1ed7 tr\u1ee3 t\u1ea5t to\u00e1n th\u1ebb t\u00edn d\u1ee5ng t\u1ea1i Qu\u1eadn T\u00e2n B\u00ecnh<\/a>\n\t\t\t\t\t<\/h5>\n\t\t\t\t\t\t\t\t\t\t<div class=\"is-divider\"><\/div>\n\t\t\t\t\t\t\t\t\t\t<p class=\"from_the_blog_excerpt \">R\u00fat Th\u1ebb \u0110\u00e1o H\u1ea1n 247 chuy\u00ean cung c\u1ea5p th\u1ee7 t\u1ee5c \u0111\u00e1o h\u1ea1n th\u1ebb t\u00edn d\u1ee5ng nhanh g\u1ecdn, uy t\u00edn an to\u00e0n [...]\t\t\t\t\t<\/p>\n\t\t\t\t\t                    \n\t\t\t\t\t\n\t\t\t\t\t\n\t\t\t\t\t<\/div>\n\t\t\t\t\t<\/div>\n\t\t\t\t\t\t\t\t\t<\/div>\n\t\t\t<\/div>\n\t\t<\/div><div class=\"col post-item\" >\n\t\t\t<div class=\"col-inner\">\n\t\t\t\t<div class=\"box box-normal box-text-bottom box-blog-post has-hover\">\n            \t\t\t\t\t<div class=\"box-image\" >\n  \t\t\t\t\t\t<div class=\"image-cover\" style=\"padding-top:56.25%;\">\n\t\t\t\t\t\t\t<a href=\"https:\/\/rutthedaohan247.com\/index.php\/2026\/02\/28\/dich-vu-tat-toan-gia-han-the-tin-dung-la-gi\/\" class=\"plain\" aria-label=\"D\u1ecbch v\u1ee5 t\u1ea5t to\u00e1n, gia h\u1ea1n th\u1ebb t\u00edn d\u1ee5ng l\u00e0 g\u00ec ?\">\n\t\t\t\t\t\t\t\t<img loading=\"lazy\" decoding=\"async\" width=\"766\" height=\"447\" src=\"https:\/\/rutthedaohan247.com\/wp-content\/uploads\/2026\/02\/banner-4-1.jpg\" class=\"attachment-original size-original wp-post-image\" alt=\"\" srcset=\"https:\/\/rutthedaohan247.com\/wp-content\/uploads\/2026\/02\/banner-4-1.jpg 766w, https:\/\/rutthedaohan247.com\/wp-content\/uploads\/2026\/02\/banner-4-1-300x175.jpg 300w\" sizes=\"auto, (max-width: 766px) 100vw, 766px\" \/>\t\t\t\t\t\t\t<\/a>\n  \t\t\t\t\t\t\t  \t\t\t\t\t\t\t  \t\t\t\t\t\t<\/div>\n  \t\t\t\t\t\t  \t\t\t\t\t<\/div>\n          \t\t\t\t\t<div class=\"box-text text-left\" >\n\t\t\t\t\t<div class=\"box-text-inner blog-post-inner\">\n\n\t\t\t\t\t\n\t\t\t\t\t\t\t\t\t\t<h5 class=\"post-title is-large \">\n\t\t\t\t\t\t<a href=\"https:\/\/rutthedaohan247.com\/index.php\/2026\/02\/28\/dich-vu-tat-toan-gia-han-the-tin-dung-la-gi\/\" class=\"plain\">D\u1ecbch v\u1ee5 t\u1ea5t to\u00e1n, gia h\u1ea1n th\u1ebb t\u00edn d\u1ee5ng l\u00e0 g\u00ec ?<\/a>\n\t\t\t\t\t<\/h5>\n\t\t\t\t\t\t\t\t\t\t<div class=\"is-divider\"><\/div>\n\t\t\t\t\t\t\t\t\t\t<p class=\"from_the_blog_excerpt \">D\u1ecbch v\u1ee5 quy\u1ebft to\u00e1n d\u01b0 n\u1ee3 th\u1ebb t\u00edn d\u1ee5ng l\u00e0 g\u00ec ? \u0110\u00e1o h\u1ea1n th\u1ebb t\u00edn d\u1ee5ng\u00a0l\u00e0 m\u1ed9t d\u1ecbch v\u1ee5 trong [...]\t\t\t\t\t<\/p>\n\t\t\t\t\t                    \n\t\t\t\t\t\n\t\t\t\t\t\n\t\t\t\t\t<\/div>\n\t\t\t\t\t<\/div>\n\t\t\t\t\t\t\t\t\t<\/div>\n\t\t\t<\/div>\n\t\t<\/div><\/div>\n\t\t<\/div>\n\t\t\t\t\t<\/div>\n\n\t\n<\/div>\n<p style=\"text-align: center;\">Ch\u00fang t\u00f4i l\u00e0 \u0111\u01a1n v\u1ecb t\u01b0 v\u1ea5n \u0111\u1ed9c l\u1eadp, kh\u00f4ng ph\u1ea3i chi nh\u00e1nh hay \u0111\u1ea1i di\u1ec7n tr\u1ef1c thu\u1ed9c c\u1ee7a b\u1ea5t k\u1ef3 ng\u00e2n h\u00e0ng n\u00e0o.<\/p>\n\t\t<\/div>\n\n\t\t\n<style>\n#section_715914495 {\n  padding-top: 30px;\n  padding-bottom: 30px;\n}\n<\/style>\n\t<\/section>\n\t\n","protected":false},"excerpt":{"rendered":"","protected":false},"author":1,"featured_media":0,"parent":0,"menu_order":0,"comment_status":"closed","ping_status":"closed","template":"page-blank.php","meta":{"footnotes":""},"class_list":["post-11","page","type-page","status-publish","hentry"],"_links":{"self":[{"href":"https:\/\/rutthedaohan247.com\/index.php\/wp-json\/wp\/v2\/pages\/11","targetHints":{"allow":["GET"]}}],"collection":[{"href":"https:\/\/rutthedaohan247.com\/index.php\/wp-json\/wp\/v2\/pages"}],"about":[{"href":"https:\/\/rutthedaohan247.com\/index.php\/wp-json\/wp\/v2\/types\/page"}],"author":[{"embeddable":true,"href":"https:\/\/rutthedaohan247.com\/index.php\/wp-json\/wp\/v2\/users\/1"}],"replies":[{"embeddable":true,"href":"https:\/\/rutthedaohan247.com\/index.php\/wp-json\/wp\/v2\/comments?post=11"}],"version-history":[{"count":30,"href":"https:\/\/rutthedaohan247.com\/index.php\/wp-json\/wp\/v2\/pages\/11\/revisions"}],"predecessor-version":[{"id":108,"href":"https:\/\/rutthedaohan247.com\/index.php\/wp-json\/wp\/v2\/pages\/11\/revisions\/108"}],"wp:attachment":[{"href":"https:\/\/rutthedaohan247.com\/index.php\/wp-json\/wp\/v2\/media?parent=11"}],"curies":[{"name":"wp","href":"https:\/\/api.w.org\/{rel}","templated":true}]}}