{"id":15,"date":"2026-02-27T12:30:13","date_gmt":"2026-02-27T12:30:13","guid":{"rendered":"https:\/\/rutthedaohan247.com\/?page_id=15"},"modified":"2026-02-28T06:05:56","modified_gmt":"2026-02-28T06:05:56","slug":"dao-han-the-tin-dung","status":"publish","type":"page","link":"https:\/\/rutthedaohan247.com\/index.php\/dao-han-the-tin-dung\/","title":{"rendered":"\u0110\u00e1o h\u1ea1n th\u1ebb t\u00edn d\u1ee5ng"},"content":{"rendered":"<header class=\"entry-header\">\n<div class=\"entry-header-text entry-header-text-top text-left\">\n<h1 class=\"entry-title\">\u0110\u00e1o h\u1ea1n th\u1ebb t\u00edn d\u1ee5ng \u1edf \u0111\u00e2u uy t\u00edn?<\/h1>\n<div class=\"entry-divider is-divider small\"><\/div>\n<\/div>\n<\/header>\n<div class=\"entry-content single-page\">\n<p>Trong b\u1ed1i c\u1ea3nh \u0111\u1ea1i d\u1ecbch Covid-19 k\u00e9o d\u00e0i, x\u1ea3y ra chi\u1ebfn tranh Nga \u2013 Ukraine, kh\u1ee7ng ho\u1ea3ng n\u0103ng l\u01b0\u1ee3ng v\u00e0 suy tho\u00e1i kinh t\u1ebf to\u00e0n c\u1ea7u, c\u00e1c doanh nghi\u1ec7p l\u1edbn v\u00e0 nh\u1ecf li\u00ean ti\u1ebfp g\u1eb7p kh\u00f3 kh\u0103n, m\u1ed9t s\u1ed1 ph\u1ea3i c\u1eaft gi\u1ea3m nh\u00e2n s\u1ef1 ho\u1eb7c cho nh\u00e2n vi\u00ean ngh\u1ec9 kh\u00f4ng l\u01b0\u01a1ng.<\/p>\n<p>\u0110i\u1ec1u n\u00e0y t\u00e1c \u0111\u1ed9ng kh\u00f4ng nh\u1ecf \u0111\u1ebfn n\u1ec1n kinh t\u1ebf Vi\u1ec7t Nam, l\u00e0m gi\u1ea3m ngu\u1ed3n ti\u1ec1n c\u1ee7a ng\u01b0\u1eddi ti\u00eau d\u00f9ng. V\u00ec v\u1eady, trong t\u00ecnh h\u00ecnh kh\u00f3 kh\u0103n n\u00e0y, th\u1ebb t\u00edn d\u1ee5ng tr\u1edf th\u00e0nh m\u1ed9t ph\u01b0\u01a1ng ti\u1ec7n linh ho\u1ea1t \u0111\u1ec3 \u0111\u00e1p \u1ee9ng nhi\u1ec1u nhu c\u1ea7u kh\u00e1c nhau trong su\u1ed1t \u0111\u1ea1i d\u1ecbch Covid.<\/p>\n<p>B\u01a1\u0309i v\u00e2\u0323y, n\u1ebfu trong kho\u1ea3ng th\u1eddi gian 45 ng\u00e0y, ng\u01b0\u1eddi ti\u00eau d\u00f9ng kh\u00f4ng th\u1ec3 tr\u1ea3 l\u1ea1i s\u1ed1 ti\u1ec1n \u0111\u00e3 s\u1eed d\u1ee5ng trong the\u0309, thi\u0300\u00a0h\u00e3y t\u00ecm hi\u1ec3u th\u00eam\u00a0v\u1ec1\u00a0<strong>d\u1ecbch v\u1ee5 \u0111\u00e1o h\u1ea1n th\u1ebb t\u00edn d\u1ee5ng<\/strong>\u00a0c\u1ee7a ch\u00fang t\u00f4i. Ch\u00fang t\u00f4i cung c\u1ea5p gi\u1ea3i ph\u00e1p \u0111\u1ec3 b\u1ea1n c\u00f3 th\u1ec3 qu\u1ea3n l\u00fd v\u00e0 x\u1eed l\u00fd c\u00e1c kho\u1ea3n n\u1ee3 m\u1ed9t c\u00e1ch thu\u1eadn ti\u1ec7n v\u00e0 linh ho\u1ea1t.<\/p>\n<p>V\u1edbi d\u1ecbch v\u1ee5 n\u00e0y, b\u1ea1n c\u00f3 th\u1ec3 t\u1eadn h\u01b0\u1edfng s\u1ef1 linh ho\u1ea1t trong vi\u1ec7c thanh to\u00e1n s\u1ed1 ti\u1ec1n \u0111\u00e3 s\u1eed d\u1ee5ng v\u00e0 \u0111\u1ea3m b\u1ea3o t\u00ecnh h\u00ecnh t\u00e0i ch\u00ednh c\u00e1 nh\u00e2n c\u1ee7a m\u00ecnh trong th\u1eddi gian kh\u00f3 kh\u0103n n\u00e0y.<\/p>\n<p>H\u00e3y \u0111\u1ec3\u00a0<strong><em>R\u00fat Ti\u1ec1n Nhanh<\/em><\/strong>\u00a0gi\u00fap b\u1ea1n v\u01b0\u1ee3t qua nh\u1eefng th\u00e1ch th\u1ee9c t\u00e0i ch\u00ednh hi\u1ec7n t\u1ea1i v\u00e0 duy tr\u00ec s\u1ef1 \u1ed5n \u0111\u1ecbnh trong t\u00ecnh h\u00ecnh kh\u1ee7ng ho\u1ea3ng to\u00e0n c\u1ea7u.\u00a0<strong>D\u1ecbch v\u1ee5 \u0111\u00e1o h\u1ea1n th\u1ebb t\u00edn d\u1ee5ng<\/strong>\u00a0c\u1ee7a ch\u00fang t\u00f4i s\u1ebd mang \u0111\u1ebfn cho b\u1ea1n s\u1ef1 an t\u00e2m v\u00e0 linh ho\u1ea1t trong qu\u1ea3n l\u00fd t\u00e0i ch\u00ednh c\u00e1 nh\u00e2n.<\/p>\n<h2><strong>Vi\u0300 sao c\u00e2\u0300n s\u01b0\u0309 du\u0323ng di\u0323ch vu\u0323 \u0111a\u0301o ha\u0323n the\u0309 ti\u0301n du\u0323ng ng\u00e2n ha\u0300ng<\/strong><\/h2>\n<p>\u0110\u1ed1i v\u1edbi nhi\u1ec1u c\u00e1 nh\u00e2n \u0111ang \u0111\u1ed1i m\u1eb7t v\u1edbi kh\u00f3 kh\u0103n t\u00e0i ch\u00ednh, khi c\u00e1c kho\u1ea3n thanh to\u00e1n \u0111\u1ebfn h\u1ea1n tr\u1edf n\u00ean \u00e1p l\u1ef1c kh\u00f3 xoay s\u1edf, h\u1ecd th\u01b0\u1eddng t\u00ecm \u0111\u1ebfn d\u1ecbch v\u1ee5 gi\u1ea3i quy\u1ebft n\u1ee3 th\u1ebb t\u00edn d\u1ee5ng. Sau m\u1ed9t s\u1ed1 l\u1ea7n nh\u00e2n vi\u00ean ng\u00e2n h\u00e0ng li\u00ean h\u1ec7 \u0111\u1ec3 nh\u1eafc nh\u1edf v\u1ec1 vi\u1ec7c thanh to\u00e1n c\u00e1c kho\u1ea3n ti\u00eau d\u00f9ng qua th\u1ebb t\u00edn d\u1ee5ng.<\/p>\n<p>Trong tr\u01b0\u1eddng h\u1ee3p ch\u1eadm thanh to\u00e1n trong kho\u1ea3ng t\u1eeb 1 \u0111\u1ebfn 10 ng\u00e0y, \u0111\u01b0\u1ee3c coi l\u00e0 n\u1ee3 nh\u00f3m m\u1ed9t, ch\u1ec9 \u0111\u01a1n thu\u1ea7n l\u00e0 m\u1ed9t l\u1eddi nh\u1eafc nh\u1edf t\u1eeb ng\u00e2n h\u00e0ng \u0111\u1ec3 n\u1ed9p ti\u1ec1n. C\u00f2n n\u1ebfu ch\u1eadm thanh to\u00e1n t\u1eeb 10 \u0111\u1ebfn 90 ng\u00e0y, \u0111\u00f3 \u0111\u01b0\u1ee3c xem l\u00e0 n\u1ee3 nh\u00f3m hai. Trong khi n\u1ee3 nh\u00f3m ba l\u00e0 nh\u1eefng kho\u1ea3n n\u1ee3 \u0111\u00e3 qu\u00e1 h\u1ea1n tr\u00ean 90 ng\u00e0y.<\/p>\n<p>N\u1ee3 nh\u00f3m ba \u0111\u01b0\u1ee3c coi l\u00e0 n\u1ee3 x\u1ea5u v\u00e0 \u0111\u01b0\u1ee3c b\u00e1o c\u00e1o cho Trung t\u00e2m Th\u00f4ng tin T\u00edn d\u1ee5ng c\u1ee7a Ng\u00e2n h\u00e0ng Nh\u00e0 n\u01b0\u1edbc. Khi kh\u00e1ch h\u00e0ng r\u01a1i v\u00e0o danh s\u00e1ch \u201c\u0111en\u201d v\u1edbi nh\u1eefng kho\u1ea3n n\u1ee3 ch\u01b0a \u0111\u01b0\u1ee3c thanh to\u00e1n trong th\u1eddi gian d\u00e0i, vi\u1ec7c \u0111\u01b0\u1ee3c ng\u00e2n h\u00e0ng ch\u1ea5p thu\u1eadn vay l\u1ea1i tr\u1edf n\u00ean r\u1ea5t kh\u00f3 kh\u0103n v\u00e0 kh\u00f4ng c\u00f2n kh\u1ea3 n\u0103ng vay ti\u1ec1n c\u00e1 nh\u00e2n.<\/p>\n<h2><strong>Di\u0323ch vu\u0323 \u0111a\u0301o ha\u0323n the\u0309 ti\u0301n du\u0323ng uy ti\u0301n ha\u0300ng \u0111\u00e2\u0300u hi\u00ea\u0323n nay<\/strong><\/h2>\n<p><strong><em>R\u00fat Ti\u1ec1n Nhanh<\/em><\/strong>\u00a0l\u00e0 m\u1ed9t c\u00f4ng ty t\u00e0i ch\u00ednh h\u00e0ng \u0111\u1ea7u hi\u1ec7n nay, chuy\u00ean cung c\u1ea5p\u00a0<strong>d\u1ecbch v\u1ee5 \u0111\u00e1o h\u1ea1n th\u1ebb t\u00edn d\u1ee5ng uy t\u00edn v\u00e0 ch\u1ea5t l\u01b0\u1ee3ng<\/strong>. V\u1edbi kinh nghi\u1ec7m l\u00e2u n\u0103m trong l\u0129nh v\u1ef1c n\u00e0y, ch\u00fang t\u00f4i cam k\u1ebft mang \u0111\u1ebfn cho kh\u00e1ch h\u00e0ng nh\u1eefng gi\u1ea3i ph\u00e1p t\u00e0i ch\u00ednh linh ho\u1ea1t v\u00e0 ti\u1ec7n l\u1ee3i.<\/p>\n<p>D\u1ecbch v\u1ee5 cu\u0309a chu\u0301ng t\u00f4i\u00a0\u0111\u01b0\u1ee3c thi\u1ebft k\u1ebf \u0111\u1ec3 gi\u00fap kh\u00e1ch h\u00e0ng qu\u1ea3n l\u00fd hi\u1ec7u qu\u1ea3 v\u00e0 \u0111\u01a1n gi\u1ea3n h\u00f3a vi\u1ec7c thanh to\u00e1n th\u1ebb t\u00edn d\u1ee5ng. Ch\u00fang t\u00f4i cung c\u1ea5p c\u00e1c g\u00f3i d\u1ecbch v\u1ee5 linh ho\u1ea1t, cho ph\u00e9p kh\u00e1ch h\u00e0ng l\u1ef1a ch\u1ecdn th\u1eddi gian v\u00e0 ph\u01b0\u01a1ng th\u1ee9c thanh to\u00e1n ph\u00f9 h\u1ee3p v\u1edbi nhu c\u1ea7u c\u00e1 nh\u00e2n.<\/p>\n<p>B\u00ean c\u1ea1nh \u0111\u00f3, ch\u00fang t\u00f4i c\u0169ng \u0111\u1ea3m b\u1ea3o \u00e1p d\u1ee5ng l\u00e3i su\u1ea5t h\u1ee3p l\u00fd v\u00e0 r\u00f5 r\u00e0ng, \u0111\u1ed3ng th\u1eddi cung c\u1ea5p c\u00e1c ch\u00ednh s\u00e1ch \u01b0u \u0111\u00e3i h\u1ea5p d\u1eabn nh\u1eb1m \u0111em l\u1ea1i s\u1ef1 h\u00e0i l\u00f2ng cho kh\u00e1ch h\u00e0ng. \u0110\u1eb7c bi\u1ec7t, v\u1edbi ti\u00eau ch\u00ed \u201ckh\u00e1ch h\u00e0ng l\u00e0 trung t\u00e2m\u201d,\u00a0<strong><em>R\u00fat Ti\u1ec1n Nhanh<\/em><\/strong>\u00a0lu\u00f4n \u0111\u1eb7t l\u1ee3i \u00edch v\u00e0 s\u1ef1 tho\u1ea3i m\u00e1i c\u1ee7a kh\u00e1ch h\u00e0ng l\u00ean h\u00e0ng \u0111\u1ea7u.<\/p>\n<p>Ch\u00fang t\u00f4i cung c\u1ea5p d\u1ecbch v\u1ee5 kh\u00e1ch h\u00e0ng 24\/7 \u0111\u1ec3 h\u1ed7 tr\u1ee3 kh\u00e1ch h\u00e0ng trong m\u1ecdi v\u1ea5n \u0111\u1ec1 li\u00ean quan \u0111\u1ebfn\u00a0<strong>\u0111\u00e1o h\u1ea1n th\u1ebb t\u00edn d\u1ee5ng<\/strong>. \u0110\u1ed9i ng\u0169 nh\u00e2n vi\u00ean chuy\u00ean nghi\u1ec7p v\u00e0 t\u1eadn t\u00e2m c\u1ee7a ch\u00fang t\u00f4i s\u1ebd lu\u00f4n s\u1eb5n l\u00f2ng l\u1eafng nghe v\u00e0 gi\u1ea3i \u0111\u00e1p m\u1ecdi c\u00e2u h\u1ecfi, \u0111\u1ea3m b\u1ea3o kh\u00e1ch h\u00e0ng c\u00f3 \u0111\u01b0\u1ee3c tr\u1ea3i nghi\u1ec7m t\u1ed1t nh\u1ea5t.<\/p>\n<p>V\u1edbi\u00a0<strong><em>R\u00fat Ti\u1ec1n Nhanh<\/em><\/strong>, vi\u1ec7c\u00a0<strong>\u0111\u00e1o h\u1ea1n th\u1ebb t\u00edn d\u1ee5ng<\/strong>\u00a0tr\u1edf n\u00ean d\u1ec5 d\u00e0ng v\u00e0 ti\u1ec7n l\u1ee3i h\u01a1n bao gi\u1edd h\u1ebft. H\u00e3y \u0111\u1ebfn v\u1edbi ch\u00fang t\u00f4i ngay h\u00f4m nay \u0111\u1ec3 tr\u1ea3i nghi\u1ec7m d\u1ecbch v\u1ee5 \u0111\u00e1ng tin c\u1eady v\u00e0 ch\u1ea5t l\u01b0\u1ee3ng h\u00e0ng \u0111\u1ea7u.<\/p>\n<blockquote>\n<h2>Quy tri\u0300nh ru\u0301t ti\u00ea\u0300n the\u0309 ti\u0301n du\u0323ng ta\u0323i\u00a0<strong><em>R\u00fat Ti\u1ec1n Nhanh<\/em><\/strong><\/h2>\n<ul>\n<li>B\u01b0\u01a1\u0301c 1: Quy\u0301 kha\u0301ch ha\u0300ng li\u00ean h\u00ea\u0323 v\u01a1\u0301i chu\u0301ng t\u00f4i va\u0300 cho \u0111\u00f4\u0323i ngu\u0303 nh\u00e2n vi\u00ean ch\u0103m so\u0301c bi\u00ea\u0301t s\u00f4\u0301 ti\u00ea\u0300n ma\u0300 ba\u0323n mu\u00f4\u0301n ru\u0301t.<\/li>\n<li>B\u01b0\u01a1\u0301c 2: \u0110\u00f4\u0323i ngu\u0303 nh\u00e2n vi\u00ean cu\u0309a chu\u0301ng t\u00f4i se\u0303 ti\u00ea\u0301n ha\u0300nh t\u01b0 v\u00e2\u0301n cho kha\u0301ch ha\u0300ng v\u00ea\u0300 di\u0323ch vu\u0323, cu\u0303ng nh\u01b0 nh\u01b0\u0303ng loa\u0323i gi\u00e2\u0301y t\u01a1\u0300 c\u00e2\u0300n thi\u00ea\u0301t.<\/li>\n<li>B\u01b0\u01a1\u0301c 3: Kha\u0301ch ha\u0300ng chu\u00e2\u0309n bi\u0323 \u0111\u00e2\u0300y \u0111u\u0309 the\u0309 ti\u0301n du\u0323ng va\u0300 CCCD sau \u0111o\u0301 \u0111\u00ea\u0301n v\u0103n pho\u0300ng cu\u0309a chu\u0301ng t\u00f4i \u0111\u00ea\u0309 nh\u00e2n vi\u00ean h\u00f4\u0303 tr\u01a1\u0323 giao di\u0323ch.<\/li>\n<li>B\u01b0\u01a1\u0301c 4: Kha\u0301ch ha\u0300ng \u0111i\u00ea\u0300n th\u00f4ng tin \u0111\u00e2\u0300y \u0111u\u0309 va\u0300 ky\u0301 va\u0300o va\u0300o phi\u00ea\u0301u giao di\u0323ch.<\/li>\n<li>B\u01b0\u01a1\u0301c 5: Kha\u0301ch ha\u0300ng l\u01b0\u0323a cho\u0323n nh\u00e2\u0323n ti\u00ea\u0300n m\u0103\u0323t ho\u0103\u0323c chuy\u00ea\u0309n khoa\u0309n, cu\u0303ng nh\u01b0 thanh toa\u0301n chi phi\u0301 va\u0300 k\u00ea\u0301t thu\u0301c mu\u0323c giao di\u0323ch.<\/li>\n<\/ul>\n<\/blockquote>\n<h2>\u01afu \u0111i\u00ea\u0309m khi \u0111a\u0301o ha\u0323n the\u0309 ng\u00e2n ha\u0300ng ta\u0323i\u00a0<strong><em>R\u00fat Ti\u1ec1n Nhanh<\/em><\/strong><\/h2>\n<p><strong>\u0110\u00e1o h\u1ea1n th\u1ebb t\u00edn d\u1ee5ng<\/strong>\u00a0l\u00e0 th\u1ebf m\u1ea1nh trong h\u01a1n 5 n\u0103m qua c\u1ee7a ch\u00fang t\u00f4i, n\u00ean chu\u0301ng t\u00f4i co\u0301 r\u00e2\u0301t nhi\u00ea\u0300u ca\u0301c \u01b0u \u0111i\u00ea\u0309m n\u00f4\u0309i b\u00e2\u0323t \u0111\u00ea\u0309 kh\u00e1ch h\u00e0ng t\u00ecm \u0111\u1ebfn\u00a0<strong>d\u1ecbch v\u1ee5 \u0111\u00e1o th\u1ebb t\u00edn d\u1ee5ng gi\u00e1 r\u1ebb<\/strong>\u00a0c\u1ee7a ch\u00fang t\u00f4i. \u0110i\u00ea\u0309n hi\u0300nh nh\u00e2\u0301t co\u0301 th\u00ea\u0309 k\u00ea\u0309 \u0111\u00ea\u0301n nh\u01b0ng \u01b0u \u0111i\u00ea\u0309m sau:<\/p>\n<ul>\n<li>T\u1ef1 h\u00e0o l\u00e0 \u0111\u01a1n v\u1ecb c\u00f3 d\u1ecbch v\u1ee5 \u0111\u00e1o h\u1ea1n th\u1ebb t\u00edn d\u1ee5ng gi\u00e1 r\u1ebb nh\u1ea5t t\u1ea1i H\u00e0 N\u1ed9i, v\u1edbi m\u1ee9c l\u00e3i su\u1ea5t ch\u1ec9 t\u1eeb 1,6%. Ch\u00fang t\u00f4i cam k\u1ebft mang \u0111\u1ebfn cho kh\u00e1ch h\u00e0ng s\u1ef1 tin c\u1eady v\u00e0 \u0111\u00e1ng tin c\u1eady nh\u1ea5t trong vi\u1ec7c \u0111\u00e1o h\u1ea1n th\u1ebb t\u00edn d\u1ee5ng.<\/li>\n<li>Thi\u1ebft l\u1eadp \u0111\u1ed1i t\u00e1c v\u1edbi c\u00e1c t\u1ed5 ch\u1ee9c l\u1edbn nh\u01b0 h\u1ec7 th\u1ed1ng ng\u00e2n h\u00e0ng, chu\u1ed7i si\u00eau th\u1ecb v\u00e0 c\u1eeda h\u00e0ng ti\u1ec7n l\u1ee3i tr\u00ean to\u00e0n qu\u1ed1c. Qua vi\u1ec7c giao d\u1ecbch v\u1edbi ch\u00fang t\u00f4i, kh\u00e1ch h\u00e0ng s\u1ebd tr\u1ea3i qua quy tr\u00ecnh giao d\u1ecbch minh b\u1ea1ch v\u00e0 nh\u1eadn \u0111\u01b0\u1ee3c m\u1ed9t l\u1ecbch s\u1eed t\u00edn d\u1ee5ng \u0111\u1eb9p \u0111\u1ebd.<\/li>\n<li>Cung c\u1ea5p d\u1ecbch v\u1ee5 \u0111\u00e1o h\u1ea1n th\u1ebb t\u00edn d\u1ee5ng trong su\u1ed1t tu\u1ea7n, v\u1edbi th\u1ee7 t\u1ee5c nhanh g\u1ecdn. \u0110i\u1ec1u n\u00e0y mang \u0111\u1ebfn s\u1ef1 ti\u1ec7n l\u1ee3i cho kh\u00e1ch h\u00e0ng, gi\u00fap h\u1ecd ti\u1ebfp t\u1ee5c s\u1eed d\u1ee5ng th\u1ebb t\u00edn d\u1ee5ng m\u1ed9t c\u00e1ch linh ho\u1ea1t v\u00e0 kh\u00f4ng g\u1eb7p r\u00e0o c\u1ea3n th\u1eddi gian.<\/li>\n<li>D\u1ed9i ng\u0169 nh\u00e2n vi\u00ean chuy\u00ean nghi\u1ec7p, t\u1eadn t\u00e2m v\u00e0 chu \u0111\u00e1o. Cam k\u1ebft kh\u00f4ng g\u00e2y b\u1ea5t k\u1ef3 sai s\u00f3t n\u00e0o cho kh\u00e1ch h\u00e0ng v\u00e0 lu\u00f4n coi tr\u1ecdng vi\u1ec7c duy tr\u00ec uy t\u00edn v\u00e0 l\u1ecbch s\u1eed t\u00edn d\u1ee5ng trong s\u1ea1ch c\u1ee7a h\u1ecd.<\/li>\n<li>Lu\u00f4n l\u1eafng nghe v\u00e0\u00a0s\u1eb5n s\u00e0ng chia s\u1ebb kh\u00f3 kh\u0103n c\u00f9ng kh\u00e1ch h\u00e0ng. Kh\u00e1ch h\u00e0ng kh\u00f4ng c\u1ea7n lo l\u1eafng, ch\u00fang t\u00f4i s\u1ebd lu\u00f4n \u0111\u1ed3ng h\u00e0nh v\u00e0 h\u1ed7 tr\u1ee3 h\u1ecd trong qu\u00e1 tr\u00ecnh \u0111\u00e1o h\u1ea1n th\u1ebb t\u00edn d\u1ee5ng.<\/li>\n<li>\u0110\u1ed9i ng\u0169 nh\u00e2n vi\u00ean\u00a0c\u1ee7a ch\u00fang t\u00f4i l\u00e0 nh\u1eefng ng\u01b0\u1eddi nhi\u1ec7t t\u00ecnh v\u00e0 lu\u00f4n s\u1eb5n s\u00e0ng ph\u1ee5c v\u1ee5 kh\u00e1ch h\u00e0ng \u0111\u00e1o h\u1ea1n th\u1ebb t\u00edn d\u1ee5ng t\u1ea1i nh\u00e0 v\u1edbi gi\u00e1 r\u1ebb nh\u1ea5t. V\u1edbi s\u1ed1 l\u01b0\u1ee3ng l\u1edbn nh\u00e2n vi\u00ean, ch\u00fang t\u00f4i cam k\u1ebft s\u1ebd \u0111\u00e1p \u1ee9ng y\u00eau c\u1ea7u c\u1ee7a kh\u00e1ch h\u00e0ng ch\u1ec9 trong v\u00f2ng 15 ph\u00fat.<\/li>\n<li>Lu\u00f4n t\u00ecm c\u00e1ch t\u0103ng c\u01b0\u1eddng uy t\u00edn c\u1ee7a kh\u00e1ch h\u00e0ng v\u00e0 \u0111\u1ea3m b\u1ea3o r\u1eb1ng h\u1ecd nh\u1eadn \u0111\u01b0\u1ee3c l\u1ee3i \u00edch t\u1ed1i \u0111a t\u1eeb ph\u00eda ng\u00e2n h\u00e0ng. \u0110\u1eb7c bi\u1ec7t, ch\u00fang t\u00f4i t\u1eadp trung v\u00e0o vi\u1ec7c t\u0103ng \u0111i\u1ec3m t\u00edn d\u1ee5ng v\u00e0 ho\u00e0n l\u1ea1i m\u1ed9t ph\u1ea7n ti\u1ec1n m\u1eb7t (% cashback) cho kh\u00e1ch h\u00e0ng, gi\u00fap h\u1ecd thu h\u1ed3i \u0111\u01b0\u1ee3c s\u1ed1 ti\u1ec1n l\u1edbn nh\u1ea5t c\u00f3 th\u1ec3.<\/li>\n<\/ul>\n<p>V\u00e2\u0323y b\u00ean tr\u00ean la\u0300 th\u00f4ng tin chi ti\u00ea\u0301t v\u00ea\u0300\u00a0<strong>di\u0323ch vu\u0323 \u0111a\u0301o ha\u0323n the\u0309 ti\u0301n du\u0323ng<\/strong>\u00a0ma\u0300 chu\u0301ng t\u00f4i \u0111ang cung c\u00e2\u0301p t\u01a1\u0301i ca\u0301c kha\u0301ch ha\u0300ng. N\u00ea\u0301u ba\u0323n \u0111ang co\u0301 nhu c\u00e2\u0300u ha\u0303y li\u00ean h\u00ea\u0323 ngay v\u01a1\u0301i\u00a0<strong><em>R\u00fat Ti\u1ec1n Nhanh\u00a0<\/em><\/strong>\u0111\u00ea\u0309 \u0111\u01b0\u01a1\u0323c t\u01b0 v\u00e2\u0301n va\u0300 ba\u0301o gia\u0301 chi ti\u00ea\u0301t h\u01a1n nhe\u0301.<\/p>\n<\/div>\n","protected":false},"excerpt":{"rendered":"<p>\u0110\u00e1o h\u1ea1n th\u1ebb t\u00edn d\u1ee5ng \u1edf \u0111\u00e2u uy t\u00edn? Trong b\u1ed1i c\u1ea3nh \u0111\u1ea1i d\u1ecbch Covid-19 k\u00e9o d\u00e0i, x\u1ea3y ra chi\u1ebfn tranh Nga \u2013 Ukraine, kh\u1ee7ng ho\u1ea3ng n\u0103ng l\u01b0\u1ee3ng v\u00e0 suy tho\u00e1i kinh t\u1ebf to\u00e0n c\u1ea7u, c\u00e1c doanh nghi\u1ec7p l\u1edbn v\u00e0 nh\u1ecf li\u00ean ti\u1ebfp g\u1eb7p kh\u00f3 kh\u0103n, m\u1ed9t s\u1ed1 ph\u1ea3i c\u1eaft gi\u1ea3m nh\u00e2n s\u1ef1 ho\u1eb7c cho [&#8230;]\n","protected":false},"author":1,"featured_media":0,"parent":0,"menu_order":0,"comment_status":"closed","ping_status":"closed","template":"page-right-sidebar.php","meta":{"footnotes":""},"class_list":["post-15","page","type-page","status-publish","hentry"],"_links":{"self":[{"href":"https:\/\/rutthedaohan247.com\/index.php\/wp-json\/wp\/v2\/pages\/15","targetHints":{"allow":["GET"]}}],"collection":[{"href":"https:\/\/rutthedaohan247.com\/index.php\/wp-json\/wp\/v2\/pages"}],"about":[{"href":"https:\/\/rutthedaohan247.com\/index.php\/wp-json\/wp\/v2\/types\/page"}],"author":[{"embeddable":true,"href":"https:\/\/rutthedaohan247.com\/index.php\/wp-json\/wp\/v2\/users\/1"}],"replies":[{"embeddable":true,"href":"https:\/\/rutthedaohan247.com\/index.php\/wp-json\/wp\/v2\/comments?post=15"}],"version-history":[{"count":1,"href":"https:\/\/rutthedaohan247.com\/index.php\/wp-json\/wp\/v2\/pages\/15\/revisions"}],"predecessor-version":[{"id":16,"href":"https:\/\/rutthedaohan247.com\/index.php\/wp-json\/wp\/v2\/pages\/15\/revisions\/16"}],"wp:attachment":[{"href":"https:\/\/rutthedaohan247.com\/index.php\/wp-json\/wp\/v2\/media?parent=15"}],"curies":[{"name":"wp","href":"https:\/\/api.w.org\/{rel}","templated":true}]}}