{"id":17,"date":"2026-02-27T12:30:30","date_gmt":"2026-02-27T12:30:30","guid":{"rendered":"https:\/\/rutthedaohan247.com\/?page_id=17"},"modified":"2026-02-28T06:06:13","modified_gmt":"2026-02-28T06:06:13","slug":"dao-han-the-visa","status":"publish","type":"page","link":"https:\/\/rutthedaohan247.com\/index.php\/dao-han-the-visa\/","title":{"rendered":"\u0110\u00e1o h\u1ea1n th\u1ebb visa"},"content":{"rendered":"<header class=\"entry-header\">\n<div class=\"entry-header-text entry-header-text-top text-left\">\n<h1 class=\"entry-title\">\u0110\u00e1o h\u1ea1n th\u1ebb visa<\/h1>\n<div class=\"entry-divider is-divider small\"><\/div>\n<\/div>\n<\/header>\n<div class=\"entry-content single-page\">\n<p>B\u1ea1n \u0111ang \u0111\u1ed1i m\u1eb7t v\u1edbi kh\u00f3 kh\u0103n t\u00e0i ch\u00ednh v\u00e0 g\u1eb7p v\u1ea5n \u0111\u1ec1 trong vi\u1ec7c\u00a0<strong>thanh to\u00e1n d\u01b0 n\u1ee3 the\u0309 visa<\/strong>? N\u1ebfu v\u1eady, b\u00e0i vi\u1ebft d\u01b0\u1edbi \u0111\u00e2y ch\u1ee9a nh\u1eefng th\u00f4ng tin h\u1eefu \u00edch m\u00e0 b\u1ea1n kh\u00f4ng n\u00ean b\u1ecf qua.<\/p>\n<p>H\u00e3y t\u00ecm hi\u1ec3u v\u1ec1 \u0111\u1ecba ch\u1ec9\u00a0<strong>\u0111\u00e1o h\u1ea1n th\u1ebb t\u00edn d\u1ee5ng<\/strong>\u00a0t\u1ea1i\u00a0<strong><em>R\u00fat Ti\u1ec1n Nhanh<\/em><\/strong>\u00a0\u0111\u00ea\u0309 \u0111\u01b0\u01a1\u0323c\u00a0\u0111\u1ea3m b\u1ea3o an to\u00e0n, uy t\u00edn, v\u00e0 cam k\u1ebft b\u1ea3o v\u1ec7 quy\u1ec1n l\u1ee3i v\u00e0 cung c\u1ea5p d\u1ecbch v\u1ee5 t\u1ed1t nh\u1ea5t cho m\u1ecdi kh\u00e1ch h\u00e0ng co\u0301 nhu c\u00e2\u0300u\u00a0<strong>\u0111a\u0301o ha\u0323n the\u0309 visa<\/strong>.<\/p>\n<h1><strong>Gi\u01a1\u0301i thi\u00ea\u0323u t\u00f4\u0309ng quan v\u00ea\u0300 di\u0323ch vu\u0323 \u0111a\u0301o ha\u0323n the\u0309 visa\u00a0cu\u0309a chu\u0301ng t\u00f4i<\/strong><\/h1>\n<p><strong>D\u1ecbch v\u1ee5 \u0111\u00e1o h\u1ea1n th\u1ebb vis<\/strong>a\u00a0\u0111ang ng\u00e0y c\u00e0ng tr\u1edf n\u00ean ph\u1ed5 bi\u1ebfn \u1edf c\u00e1c th\u00e0nh ph\u1ed1 l\u1edbn nh\u01b0\u00a0TP. HCM g\u00e2y ra s\u1ef1 gia t\u0103ng \u0111\u00e1ng k\u1ec3 c\u1ee7a nhi\u1ec1u \u0111\u01a1n v\u1ecb cung c\u1ea5p d\u1ecbch v\u1ee5 n\u00e0y.<\/p>\n<p>\u0110\u1ec3 thu\u1eadn ti\u1ec7n trong vi\u1ec7c t\u00ecm ki\u1ebfm \u0111\u1ecba ch\u1ec9 ph\u00f9 h\u1ee3p v\u00e0 l\u1ef1a ch\u1ecdn m\u1ed9t \u0111\u01a1n v\u1ecb uy t\u00edn v\u00e0 chuy\u00ean nghi\u1ec7p \u0111\u1ec3 tri\u1ec3n khai d\u1ecbch v\u1ee5, r\u1ea5t c\u1ea7n thi\u1ebft \u0111\u1ec3 b\u1ea1n nghi\u00ean c\u1ee9u v\u00e0 kh\u1ea3o s\u00e1t m\u1ed9t c\u00e1ch c\u1ea9n th\u1eadn tr\u01b0\u1edbc khi \u0111\u01b0a ra quy\u1ebft \u0111\u1ecbnh.<\/p>\n<h2>V\u00ea\u0300 \u0111\u01a1n vi\u0323 chu\u0301ng t\u00f4i<\/h2>\n<p><strong><em>R\u00fat Ti\u1ec1n Nhanh\u00a0<\/em><\/strong>l\u00e0 m\u1ed9t \u0111\u01a1n v\u1ecb \u0111\u00e1ng tin c\u1eady v\u00e0 chuy\u00ean nghi\u1ec7p h\u00e0ng \u0111\u1ea7u trong l\u0129nh v\u1ef1c\u00a0<strong>\u0111\u00e1o h\u1ea1n th\u1ebb visa<\/strong>\u00a0t\u1ea1i th\u1ecb tr\u01b0\u1eddng ca\u0301c qu\u00e2\u0323n ta\u0323i\u00a0TP. HCM .<\/p>\n<p>\u0110\u01b0\u1ee3c bi\u1ebft \u0111\u1ebfn v\u1edbi danh ti\u1ebfng uy t\u00edn, chu\u0301ng t\u00f4i\u00a0\u0111\u00e3 thi\u1ebft l\u1eadp m\u1ed1i li\u00ean k\u1ebft v\u1edbi t\u1ea5t c\u1ea3 c\u00e1c doanh nghi\u1ec7p t\u00e0i ch\u00ednh v\u00e0 ng\u00e2n h\u00e0ng h\u00e0ng \u0111\u1ea7u t\u1ea1i Vi\u1ec7t Nam hi\u1ec7n nay. Cam k\u1ebft c\u1ee7a ch\u00fang t\u00f4i l\u00e0 \u0111\u00e1p \u1ee9ng nhanh ch\u00f3ng, an to\u00e0n v\u00e0 t\u1ed1i \u01b0u m\u1ecdi nhu c\u1ea7u li\u00ean quan \u0111\u1ebfn th\u1ebb t\u00edn d\u1ee5ng c\u1ee7a qu\u00fd kh\u00e1ch h\u00e0ng.<\/p>\n<h2>Nh\u01b0\u0303ng l\u01a1\u0323i i\u0301ch cu\u0309a vi\u00ea\u0323c \u0111a\u0301o ha\u0323n the\u0309 visa\u00a0ta\u0323i \u0111\u01a1n vi\u0323 chu\u0301ng t\u00f4i<\/h2>\n<p><strong>D\u1ecbch v\u1ee5 \u0111\u00e1o h\u1ea1n th\u1ebb visa<\/strong>\u00a0cu\u0309a\u00a0<strong><em>R\u00fat Ti\u1ec1n Nhanh<\/em><\/strong>, la\u0300\u00a0m\u1ed9t gi\u1ea3i ph\u00e1p t\u00e0i ch\u00ednh \u0111\u01b0\u1ee3c nhi\u1ec1u ng\u01b0\u1eddi tin d\u00f9ng g\u1ea7n \u0111\u00e2y, mang \u0111\u1ebfn nhi\u1ec1u l\u1ee3i \u00edch tuy\u1ec7t v\u1eddi cho kh\u00e1ch h\u00e0ng:<\/p>\n<ol>\n<li>H\u1ed7 tr\u1ee3 thanh to\u00e1n \u0111\u00fang h\u1ea1n to\u00e0n b\u1ed9 d\u01b0 n\u1ee3 t\u00edn d\u1ee5ng, gi\u00fap tr\u00e1nh ph\u00ed ph\u1ea1t v\u00e0 l\u00e3i su\u1ea5t cao t\u1eeb ng\u00e2n h\u00e0ng.<\/li>\n<li>Chuy\u1ec3n \u0111\u1ed5i d\u01b0 n\u1ee3 t\u00edn d\u1ee5ng th\u00e0nh kho\u1ea3n vay c\u00e1 nh\u00e2n l\u00e2u d\u00e0i m\u00e0 kh\u00f4ng y\u00eau c\u1ea7u th\u1ebf ch\u1ea5p ho\u1eb7c t\u00edn ch\u1ea5p, kh\u00f4ng \u1ea3nh h\u01b0\u1edfng \u0111\u1ebfn l\u1ecbch s\u1eed t\u00edn d\u1ee5ng.<\/li>\n<li>Chi ph\u00ed \u0111\u00e1o h\u1ea1n t\u00edn d\u1ee5ng th\u1ea5p h\u01a1n r\u1ea5t nhi\u1ec1u so v\u1edbi l\u00e3i su\u1ea5t v\u00e0 ph\u00ed ph\u1ea1t t\u1eeb ng\u00e2n h\u00e0ng, ch\u1ec9 t\u1eeb 1.6 \u2013 2% cho m\u1ed7i giao d\u1ecbch.<\/li>\n<li>T\u0103ng uy t\u00edn v\u00e0 t\u00edch l\u0169y \u0111i\u1ec3m t\u00edn d\u1ee5ng, t\u1ea1o \u0111i\u1ec1u ki\u1ec7n thu\u1eadn l\u1ee3i cho giao d\u1ecbch vay t\u00edn ch\u1ea5p v\u00e0 th\u1ebf ch\u1ea5p trong t\u01b0\u01a1ng lai.<\/li>\n<\/ol>\n<h1>Quy tri\u0300nh \u0111a\u0301o ha\u0323n the\u0309 Visa nhanh go\u0323n va\u0300 chi\u0301nh xa\u0301c<\/h1>\n<ul>\n<li><strong>Li\u00ean h\u1ec7 v\u1edbi d\u1ecbch v\u1ee5 \u0111\u00e1o h\u1ea1n t\u00edn d\u1ee5ng<\/strong>: B\u1ea1n n\u00ean t\u00ecm hi\u1ec3u v\u00e0 li\u00ean h\u1ec7 v\u1edbi c\u00e1c \u0111\u01a1n v\u1ecb t\u00e0i ch\u00ednh uy t\u00edn v\u00e0 chuy\u00ean nghi\u1ec7p c\u00f3 cung c\u1ea5p d\u1ecbch v\u1ee5 \u0111\u00e1o h\u1ea1n th\u1ebb t\u00edn d\u1ee5ng.<\/li>\n<li><strong>G\u1eb7p g\u1ee1 v\u00e0 cung c\u1ea5p th\u00f4ng tin<\/strong>: G\u1eb7p g\u1ee1 nh\u00e2n vi\u00ean t\u00edn d\u1ee5ng t\u1ea1i v\u0103n ph\u00f2ng giao d\u1ecbch ho\u1eb7c \u0111\u1ecba \u0111i\u1ec3m kh\u00e1c m\u00e0 b\u1ea1n \u0111\u00e3 ch\u1ecdn. Cung c\u1ea5p c\u00e1c t\u00e0i li\u1ec7u v\u00e0 th\u00f4ng tin y\u00eau c\u1ea7u, bao g\u1ed3m sao k\u00ea ng\u00e2n h\u00e0ng, CMND\/CCCD v\u00e0 th\u1ebb t\u00edn d\u1ee5ng c\u1ee7a b\u1ea1n.<\/li>\n<li><strong>X\u00e1c minh th\u00f4ng tin<\/strong>: Nh\u00e2n vi\u00ean t\u00edn d\u1ee5ng s\u1ebd x\u00e1c minh th\u00f4ng tin b\u1ea1n cung c\u1ea5p, \u0111\u1ea3m b\u1ea3o t\u00ednh ch\u00ednh x\u00e1c c\u1ee7a s\u1ed1 ti\u1ec1n c\u1ea7n \u0111\u00e1o h\u1ea1n. H\u1ecd c\u00f3 th\u1ec3 ki\u1ec3m tra t\u00ecnh tr\u1ea1ng thanh to\u00e1n v\u00e0 x\u00e1c nh\u1eadn b\u1ea1n ch\u01b0a qu\u00e1 h\u1ea1n thanh to\u00e1n.<\/li>\n<li><strong>T\u1ea1m \u1ee9ng s\u1ed1 ti\u1ec1<\/strong>n: N\u1ebfu th\u00f4ng tin x\u00e1c nh\u1eadn v\u00e0 ch\u01b0a qu\u00e1 h\u1ea1n thanh to\u00e1n, \u0111\u01a1n v\u1ecb t\u00e0i ch\u00ednh c\u00f3 th\u1ec3 t\u1ea1m \u1ee9ng tr\u01b0\u1edbc m\u1ed9t s\u1ed1 ti\u1ec1n cho b\u1ea1n \u0111\u1ec3 thanh to\u00e1n to\u00e0n b\u1ed9 d\u01b0 n\u1ee3 t\u00edn d\u1ee5ng.<\/li>\n<li><strong>X\u00e1c nh\u1eadn v\u00e0 ho\u00e0n h\u1ea1n m\u1ee9c<\/strong>: \u0110\u01a1n v\u1ecb t\u00e0i ch\u00ednh s\u1ebd ch\u1edd x\u00e1c nh\u1eadn t\u1eeb ph\u00eda ng\u00e2n h\u00e0ng. N\u1ebfu x\u00e1c nh\u1eadn th\u00e0nh c\u00f4ng, ng\u00e2n h\u00e0ng s\u1ebd ho\u00e0n h\u1ea1n m\u1ee9c t\u00edn d\u1ee5ng c\u1ee7a b\u1ea1n. \u0110\u01a1n v\u1ecb t\u00e0i ch\u00ednh s\u1ebd thu h\u1ed3i s\u1ed1 ti\u1ec1n n\u1ee3 b\u1eb1ng c\u00e1ch qu\u1eb9t th\u1ebb qua m\u00e1y POS.<\/li>\n<li><strong>Thanh to\u00e1n ph\u00ed v\u00e0 ho\u00e0n t\u1ea5t giao d\u1ecbch<\/strong>: B\u1ea1n s\u1ebd thanh to\u00e1n ph\u00ed \u0111\u00e1o h\u1ea1n cho \u0111\u01a1n v\u1ecb t\u00e0i ch\u00ednh. Sau \u0111\u00f3, b\u1ea1n s\u1ebd nh\u1eadn l\u1ea1i th\u1ebb t\u00edn d\u1ee5ng \u0111\u00e3 \u0111\u01b0\u1ee3c \u0111\u00e1o h\u1ea1n v\u00e0 ho\u00e0n t\u1ea5t giao d\u1ecbch.<\/li>\n<\/ul>\n<p>V\u00e2\u0323y b\u00ean tr\u00ean la\u0300 th\u00f4ng tin chi ti\u00ea\u0301t v\u00ea\u0300\u00a0<strong>di\u0323ch vu\u0323 \u0111a\u0301o ha\u0323n the\u0309 visa\u00a0<\/strong>ma\u0300 chu\u0301ng t\u00f4i chia se\u0309 t\u01a1\u0301i ca\u0301c ba\u0323n. N\u00ea\u0301u ba\u0323n \u0111ang co\u0301 nhu c\u00e2\u0300u ha\u0303y li\u00ean h\u00ea\u0323 ngay v\u01a1\u0301i\u00a0<strong><em>R\u00fat Ti\u1ec1n Nhanh<\/em><\/strong>\u00a0\u0111\u00ea\u0309 nh\u00e2\u0323n \u0111\u01b0\u01a1\u0323c\u00a0t\u01b0 v\u00e2\u0301n, cu\u0303ng nh\u01b0\u00a0nh\u01b0\u0303ng \u01b0u \u0111a\u0303i h\u00e2\u0301p d\u00e2\u0303n nh\u00e2\u0301t nhe\u0301.<\/p>\n<\/div>\n","protected":false},"excerpt":{"rendered":"<p>\u0110\u00e1o h\u1ea1n th\u1ebb visa B\u1ea1n \u0111ang \u0111\u1ed1i m\u1eb7t v\u1edbi kh\u00f3 kh\u0103n t\u00e0i ch\u00ednh v\u00e0 g\u1eb7p v\u1ea5n \u0111\u1ec1 trong vi\u1ec7c\u00a0thanh to\u00e1n d\u01b0 n\u1ee3 the\u0309 visa? N\u1ebfu v\u1eady, b\u00e0i vi\u1ebft d\u01b0\u1edbi \u0111\u00e2y ch\u1ee9a nh\u1eefng th\u00f4ng tin h\u1eefu \u00edch m\u00e0 b\u1ea1n kh\u00f4ng n\u00ean b\u1ecf qua. H\u00e3y t\u00ecm hi\u1ec3u v\u1ec1 \u0111\u1ecba ch\u1ec9\u00a0\u0111\u00e1o h\u1ea1n th\u1ebb t\u00edn d\u1ee5ng\u00a0t\u1ea1i\u00a0R\u00fat Ti\u1ec1n Nhanh\u00a0\u0111\u00ea\u0309 \u0111\u01b0\u01a1\u0323c\u00a0\u0111\u1ea3m [&#8230;]\n","protected":false},"author":1,"featured_media":0,"parent":0,"menu_order":0,"comment_status":"closed","ping_status":"closed","template":"page-right-sidebar.php","meta":{"footnotes":""},"class_list":["post-17","page","type-page","status-publish","hentry"],"_links":{"self":[{"href":"https:\/\/rutthedaohan247.com\/index.php\/wp-json\/wp\/v2\/pages\/17","targetHints":{"allow":["GET"]}}],"collection":[{"href":"https:\/\/rutthedaohan247.com\/index.php\/wp-json\/wp\/v2\/pages"}],"about":[{"href":"https:\/\/rutthedaohan247.com\/index.php\/wp-json\/wp\/v2\/types\/page"}],"author":[{"embeddable":true,"href":"https:\/\/rutthedaohan247.com\/index.php\/wp-json\/wp\/v2\/users\/1"}],"replies":[{"embeddable":true,"href":"https:\/\/rutthedaohan247.com\/index.php\/wp-json\/wp\/v2\/comments?post=17"}],"version-history":[{"count":1,"href":"https:\/\/rutthedaohan247.com\/index.php\/wp-json\/wp\/v2\/pages\/17\/revisions"}],"predecessor-version":[{"id":18,"href":"https:\/\/rutthedaohan247.com\/index.php\/wp-json\/wp\/v2\/pages\/17\/revisions\/18"}],"wp:attachment":[{"href":"https:\/\/rutthedaohan247.com\/index.php\/wp-json\/wp\/v2\/media?parent=17"}],"curies":[{"name":"wp","href":"https:\/\/api.w.org\/{rel}","templated":true}]}}